{"id":599,"date":"2015-12-09T11:36:08","date_gmt":"2015-12-09T11:36:08","guid":{"rendered":"http:\/\/expressodelivery.com.br\/blog\/?page_id=91"},"modified":"2024-01-31T16:48:40","modified_gmt":"2024-01-31T19:48:40","slug":"home","status":"publish","type":"page","link":"https:\/\/expressodelivery.com.br\/blog\/","title":{"rendered":"Home"},"content":{"rendered":"","protected":false},"excerpt":{"rendered":"","protected":false},"author":1,"featured_media":0,"parent":0,"menu_order":0,"comment_status":"closed","ping_status":"closed","template":"template-modules.php","meta":{"jetpack_post_was_ever_published":false,"footnotes":""},"class_list":["post-599","page","type-page","status-publish","hentry"],"yoast_head":"<!-- This site is optimized with the Yoast SEO plugin v26.2 - https:\/\/yoast.com\/wordpress\/plugins\/seo\/ -->\n<title>Blog Expresso Delivery - Aumente as Vendas da sua Pizzaria<\/title>\n<meta name=\"description\" content=\"Dicas de Gest\u00e3o, Administra\u00e7\u00e3o e Marketing para Aumentar as Vendas da sua Pizzaria. Tudo isso e muito mais no Blog do Melhor Sistema para Pizzarias.\" \/>\n<meta name=\"robots\" content=\"index, follow, max-snippet:-1, max-image-preview:large, max-video-preview:-1\" \/>\n<link rel=\"canonical\" href=\"https:\/\/expressodelivery.com.br\/blog\/\" \/>\n<meta property=\"og:locale\" content=\"pt_BR\" \/>\n<meta property=\"og:type\" content=\"article\" \/>\n<meta property=\"og:title\" content=\"Blog Expresso Delivery - Aumente as Vendas da sua Pizzaria\" \/>\n<meta property=\"og:description\" content=\"Dicas de Gest\u00e3o, Administra\u00e7\u00e3o e Marketing para Aumentar as Vendas da sua Pizzaria. Tudo isso e muito mais no Blog do Melhor Sistema para Pizzarias.\" \/>\n<meta property=\"og:url\" content=\"https:\/\/expressodelivery.com.br\/blog\/\" \/>\n<meta property=\"og:site_name\" content=\"Blog Expresso Delivery\" \/>\n<meta property=\"article:publisher\" content=\"https:\/\/www.facebook.com\/ExpressoDelivery\" \/>\n<meta property=\"article:modified_time\" content=\"2024-01-31T19:48:40+00:00\" \/>\n<meta property=\"og:image\" content=\"https:\/\/expressodelivery.com.br\/blog\/wp-content\/uploads\/2020\/10\/expresso-facebook-share.png\" \/>\n\t<meta property=\"og:image:width\" content=\"800\" \/>\n\t<meta property=\"og:image:height\" content=\"419\" \/>\n\t<meta property=\"og:image:type\" content=\"image\/png\" \/>\n<meta name=\"twitter:card\" content=\"summary_large_image\" \/>\n<script type=\"application\/ld+json\" class=\"yoast-schema-graph\">{\"@context\":\"https:\/\/schema.org\",\"@graph\":[{\"@type\":\"WebPage\",\"@id\":\"https:\/\/expressodelivery.com.br\/blog\/\",\"url\":\"https:\/\/expressodelivery.com.br\/blog\/\",\"name\":\"Blog Expresso Delivery - Aumente as Vendas da sua Pizzaria\",\"isPartOf\":{\"@id\":\"https:\/\/expressodelivery.com.br\/blog\/#website\"},\"datePublished\":\"2015-12-09T11:36:08+00:00\",\"dateModified\":\"2024-01-31T19:48:40+00:00\",\"description\":\"Dicas de Gest\u00e3o, Administra\u00e7\u00e3o e Marketing para Aumentar as Vendas da sua Pizzaria. Tudo isso e muito mais no Blog do Melhor Sistema para Pizzarias.\",\"breadcrumb\":{\"@id\":\"https:\/\/expressodelivery.com.br\/blog\/#breadcrumb\"},\"inLanguage\":\"pt-BR\",\"potentialAction\":[{\"@type\":\"ReadAction\",\"target\":[\"https:\/\/expressodelivery.com.br\/blog\/\"]}]},{\"@type\":\"BreadcrumbList\",\"@id\":\"https:\/\/expressodelivery.com.br\/blog\/#breadcrumb\",\"itemListElement\":[{\"@type\":\"ListItem\",\"position\":1,\"name\":\"In\u00edcio\",\"item\":\"https:\/\/expressodelivery.com.br\/blog\/\"},{\"@type\":\"ListItem\",\"position\":2,\"name\":\"Home\"}]},{\"@type\":\"WebSite\",\"@id\":\"https:\/\/expressodelivery.com.br\/blog\/#website\",\"url\":\"https:\/\/expressodelivery.com.br\/blog\/\",\"name\":\"Blog Expresso Delivery\",\"description\":\"Dicas de Marketing para o seu Delivery\",\"publisher\":{\"@id\":\"https:\/\/expressodelivery.com.br\/blog\/#organization\"},\"potentialAction\":[{\"@type\":\"SearchAction\",\"target\":{\"@type\":\"EntryPoint\",\"urlTemplate\":\"https:\/\/expressodelivery.com.br\/blog\/?s={search_term_string}\"},\"query-input\":{\"@type\":\"PropertyValueSpecification\",\"valueRequired\":true,\"valueName\":\"search_term_string\"}}],\"inLanguage\":\"pt-BR\"},{\"@type\":\"Organization\",\"@id\":\"https:\/\/expressodelivery.com.br\/blog\/#organization\",\"name\":\"Expresso Delivery\",\"url\":\"https:\/\/expressodelivery.com.br\/blog\/\",\"logo\":{\"@type\":\"ImageObject\",\"inLanguage\":\"pt-BR\",\"@id\":\"https:\/\/expressodelivery.com.br\/blog\/#\/schema\/logo\/image\/\",\"url\":\"https:\/\/expressodelivery.com.br\/blog\/wp-content\/uploads\/2020\/02\/logo-expresso-delivery-blog.png\",\"contentUrl\":\"https:\/\/expressodelivery.com.br\/blog\/wp-content\/uploads\/2020\/02\/logo-expresso-delivery-blog.png\",\"width\":250,\"height\":96,\"caption\":\"Expresso Delivery\"},\"image\":{\"@id\":\"https:\/\/expressodelivery.com.br\/blog\/#\/schema\/logo\/image\/\"},\"sameAs\":[\"https:\/\/www.facebook.com\/ExpressoDelivery\",\"https:\/\/www.instagram.com\/expressodelivery\/\",\"https:\/\/www.linkedin.com\/company\/expresso-delivery\",\"https:\/\/www.youtube.com\/channel\/UCT0WUNNX3DY6cHNws7P51eA\"]}]}<\/script>\n<!-- \/ Yoast SEO plugin. -->","yoast_head_json":{"title":"Blog Expresso Delivery - Aumente as Vendas da sua Pizzaria","description":"Dicas de Gest\u00e3o, Administra\u00e7\u00e3o e Marketing para Aumentar as Vendas da sua Pizzaria. Tudo isso e muito mais no Blog do Melhor Sistema para Pizzarias.","robots":{"index":"index","follow":"follow","max-snippet":"max-snippet:-1","max-image-preview":"max-image-preview:large","max-video-preview":"max-video-preview:-1"},"canonical":"https:\/\/expressodelivery.com.br\/blog\/","og_locale":"pt_BR","og_type":"article","og_title":"Blog Expresso Delivery - Aumente as Vendas da sua Pizzaria","og_description":"Dicas de Gest\u00e3o, Administra\u00e7\u00e3o e Marketing para Aumentar as Vendas da sua Pizzaria. Tudo isso e muito mais no Blog do Melhor Sistema para Pizzarias.","og_url":"https:\/\/expressodelivery.com.br\/blog\/","og_site_name":"Blog Expresso Delivery","article_publisher":"https:\/\/www.facebook.com\/ExpressoDelivery","article_modified_time":"2024-01-31T19:48:40+00:00","og_image":[{"width":800,"height":419,"url":"https:\/\/expressodelivery.com.br\/blog\/wp-content\/uploads\/2020\/10\/expresso-facebook-share.png","type":"image\/png"}],"twitter_card":"summary_large_image","schema":{"@context":"https:\/\/schema.org","@graph":[{"@type":"WebPage","@id":"https:\/\/expressodelivery.com.br\/blog\/","url":"https:\/\/expressodelivery.com.br\/blog\/","name":"Blog Expresso Delivery - Aumente as Vendas da sua Pizzaria","isPartOf":{"@id":"https:\/\/expressodelivery.com.br\/blog\/#website"},"datePublished":"2015-12-09T11:36:08+00:00","dateModified":"2024-01-31T19:48:40+00:00","description":"Dicas de Gest\u00e3o, Administra\u00e7\u00e3o e Marketing para Aumentar as Vendas da sua Pizzaria. Tudo isso e muito mais no Blog do Melhor Sistema para Pizzarias.","breadcrumb":{"@id":"https:\/\/expressodelivery.com.br\/blog\/#breadcrumb"},"inLanguage":"pt-BR","potentialAction":[{"@type":"ReadAction","target":["https:\/\/expressodelivery.com.br\/blog\/"]}]},{"@type":"BreadcrumbList","@id":"https:\/\/expressodelivery.com.br\/blog\/#breadcrumb","itemListElement":[{"@type":"ListItem","position":1,"name":"In\u00edcio","item":"https:\/\/expressodelivery.com.br\/blog\/"},{"@type":"ListItem","position":2,"name":"Home"}]},{"@type":"WebSite","@id":"https:\/\/expressodelivery.com.br\/blog\/#website","url":"https:\/\/expressodelivery.com.br\/blog\/","name":"Blog Expresso Delivery","description":"Dicas de Marketing para o seu Delivery","publisher":{"@id":"https:\/\/expressodelivery.com.br\/blog\/#organization"},"potentialAction":[{"@type":"SearchAction","target":{"@type":"EntryPoint","urlTemplate":"https:\/\/expressodelivery.com.br\/blog\/?s={search_term_string}"},"query-input":{"@type":"PropertyValueSpecification","valueRequired":true,"valueName":"search_term_string"}}],"inLanguage":"pt-BR"},{"@type":"Organization","@id":"https:\/\/expressodelivery.com.br\/blog\/#organization","name":"Expresso Delivery","url":"https:\/\/expressodelivery.com.br\/blog\/","logo":{"@type":"ImageObject","inLanguage":"pt-BR","@id":"https:\/\/expressodelivery.com.br\/blog\/#\/schema\/logo\/image\/","url":"https:\/\/expressodelivery.com.br\/blog\/wp-content\/uploads\/2020\/02\/logo-expresso-delivery-blog.png","contentUrl":"https:\/\/expressodelivery.com.br\/blog\/wp-content\/uploads\/2020\/02\/logo-expresso-delivery-blog.png","width":250,"height":96,"caption":"Expresso Delivery"},"image":{"@id":"https:\/\/expressodelivery.com.br\/blog\/#\/schema\/logo\/image\/"},"sameAs":["https:\/\/www.facebook.com\/ExpressoDelivery","https:\/\/www.instagram.com\/expressodelivery\/","https:\/\/www.linkedin.com\/company\/expresso-delivery","https:\/\/www.youtube.com\/channel\/UCT0WUNNX3DY6cHNws7P51eA"]}]}},"jetpack_sharing_enabled":true,"jetpack_shortlink":"https:\/\/wp.me\/P7CGpy-9F","_links":{"self":[{"href":"https:\/\/expressodelivery.com.br\/blog\/wp-json\/wp\/v2\/pages\/599","targetHints":{"allow":["GET"]}}],"collection":[{"href":"https:\/\/expressodelivery.com.br\/blog\/wp-json\/wp\/v2\/pages"}],"about":[{"href":"https:\/\/expressodelivery.com.br\/blog\/wp-json\/wp\/v2\/types\/page"}],"author":[{"embeddable":true,"href":"https:\/\/expressodelivery.com.br\/blog\/wp-json\/wp\/v2\/users\/1"}],"replies":[{"embeddable":true,"href":"https:\/\/expressodelivery.com.br\/blog\/wp-json\/wp\/v2\/comments?post=599"}],"version-history":[{"count":1,"href":"https:\/\/expressodelivery.com.br\/blog\/wp-json\/wp\/v2\/pages\/599\/revisions"}],"predecessor-version":[{"id":614,"href":"https:\/\/expressodelivery.com.br\/blog\/wp-json\/wp\/v2\/pages\/599\/revisions\/614"}],"wp:attachment":[{"href":"https:\/\/expressodelivery.com.br\/blog\/wp-json\/wp\/v2\/media?parent=599"}],"curies":[{"name":"wp","href":"https:\/\/api.w.org\/{rel}","templated":true}]}}